{"id":4384,"date":"2021-01-30T09:49:13","date_gmt":"2021-01-30T12:49:13","guid":{"rendered":"https:\/\/www.identidadevisualadvogados.com.br\/contrate\/?page_id=4384"},"modified":"2024-08-03T18:18:04","modified_gmt":"2024-08-03T21:18:04","slug":"processo-de-criacao","status":"publish","type":"page","link":"https:\/\/www.identidadevisualadvogados.com.br\/contrate\/processo-de-criacao\/","title":{"rendered":"\u279c Processo de cria\u00e7\u00e3o"},"content":{"rendered":"<p><strong>Processo de cria\u00e7\u00e3o da Identidade Visual e Website.<\/strong><\/p>\n<p>O nosso processo de cria\u00e7\u00e3o foi projetado para garantir um fluxo eficiente e atender as necessidades de nossos clientes da melhor forma poss\u00edvel:<\/p>\n<p><strong>Painel de Cliente: <\/strong>Oferecemos a voc\u00ea acesso direto a um painel de cliente, por meio do qual voc\u00ea pode se comunicar diretamente com o designer respons\u00e1vel pelo seu projeto.<br \/>\n<strong>Briefing Inicial: <\/strong>Para dar in\u00edcio ao processo, disponibilizamos um formul\u00e1rio detalhado (briefing). Assim, podemos compreender profundamente suas necessidades. Antes de iniciarmos o projeto, aguardamos a confirma\u00e7\u00e3o do pagamento.<br \/>\n<strong>Acesso ao Painel de Projetos: <\/strong>Ap\u00f3s a confirma\u00e7\u00e3o do pagamento, voc\u00ea receber\u00e1 acesso exclusivo ao nosso painel de projetos. L\u00e1, voc\u00ea poder\u00e1 baixar o briefing, preenchendo-o com suas informa\u00e7\u00f5es e requisitos espec\u00edficos e nos envi\u00e1-lo.<br \/>\n<strong>In\u00edcio da Cria\u00e7\u00e3o: <\/strong>Com base nas informa\u00e7\u00f5es fornecidas no briefing, nossa equipe inicia o processo de cria\u00e7\u00e3o.<\/p>\n<p><strong>Para cria\u00e7\u00e3o de Identidade Visual (logo e papelaria): <\/strong>No \u00e2mbito do nosso compromisso com agilidade e qualidade, nossa equipe se empenha em apresentar os modelos para sua an\u00e1lise em at\u00e9 2 dias (de ter\u00e7a-feira a domingo) ap\u00f3s o in\u00edcio. Geralmente, enviamos 5 modelos para an\u00e1lise. Ap\u00f3s a escolha do modelo do logo e eventual aprova\u00e7\u00e3o sem ajustes, seguimos para a cria\u00e7\u00e3o das demais pe\u00e7as de papelaria e template do site.<\/p>\n<p>Caso nenhuma das op\u00e7\u00f5es enviadas atenda \u00e0s suas expectativas, estamos \u00e0 disposi\u00e7\u00e3o para fazer altera\u00e7\u00f5es ou apresentar novos modelos.<\/p>\n<p><strong>No caso de um Pacote com Cria\u00e7\u00e3o de Site: <\/strong>Ap\u00f3s voc\u00ea selecionar o modelo do logo que mais lhe agrada, avan\u00e7amos para a etapa de cria\u00e7\u00e3o do site. Come\u00e7amos pela elabora\u00e7\u00e3o do template, que pode levar at\u00e9 5 dias para ser personalizado e enviado a voc\u00ea. Depois de aprovado o design\/layout do template, passamos para a programa\u00e7\u00e3o, cuja dura\u00e7\u00e3o varia de 7 a 14 dias, dependendo da complexidade do projeto. Este prazo pode ser ajustado conforme necess\u00e1rio.<\/p>\n<p>Tamb\u00e9m incentivamos aos nossos clientes a compartilhar suas prefer\u00eancias atrav\u00e9s de um briefing espec\u00edfico para a cria\u00e7\u00e3o do site. Essas informa\u00e7\u00f5es nos ajudar\u00e3o a ajustar o design conforme suas expectativas.<\/p>\n<p><strong>*N\u00e3o trabalhamos nas segundas-feiras e em feriados nacionais.*<\/strong><\/p>\n<p>Para garantir uma comunica\u00e7\u00e3o eficaz e registro adequado, nossa equipe de cria\u00e7\u00e3o, composta por designers, programadores e profissionais de marketing, opera exclusivamente atrav\u00e9s do nosso painel de projetos, utilizando meios de comunica\u00e7\u00e3o escrita. Ressaltamos que a equipe de cria\u00e7\u00e3o n\u00e3o est\u00e1 dispon\u00edvel para atender chamadas telef\u00f4nicas ou videoconfer\u00eancias. No entanto, para proporcionar flexibilidade, oferecemos a op\u00e7\u00e3o de enviar arquivos de \u00e1udio ou v\u00eddeo, permitindo uma comunica\u00e7\u00e3o detalhada e eficaz diretamente pelo nosso painel de projetos, se essa for a sua prefer\u00eancia. <\/p>\n<p><strong>O prazo da finaliza\u00e7\u00e3o do projeto depender\u00e1 da quantidade de altera\u00e7\u00f5es solicitadas.<\/strong> \u00c9 importante frisar que n\u00e3o impomos limites para essas revis\u00f5es. Nosso objetivo \u00e9 finalizar o projeto quando voc\u00ea estiver completamente satisfeito(a) com o resultado.<br \/>\n*Lembre-se que seguimos um processo de aprova\u00e7\u00e3o para cada etapa.<\/p>\n<p><strong>*N\u00e3o trabalhamos com impress\u00e3o, somente fazemos as artes e entregamos os arquivos prontos para que envie para uma gr\u00e1fica de sua escolha.\u00a0<\/strong><\/p>\n<p><strong>\u00c9 poss\u00edvel fazer altera\u00e7\u00f5es nas artes de todos os materiais, como assinatura, papel timbrado, etc.?<\/strong><br \/>\nEntregaremos os arquivos prontos para que voc\u00ea possa envi\u00e1-los para a gr\u00e1fica de sua escolha. Todas as pe\u00e7as ser\u00e3o entregues em formatos edit\u00e1veis, como Illustrator, Corel e PDF. Al\u00e9m disso, o papel timbrado ser\u00e1 fornecido em formato edit\u00e1vel no Word, permitindo que voc\u00ea fa\u00e7a edi\u00e7\u00f5es com as informa\u00e7\u00f5es desejadas e salve em PDF ou DOC(x).<\/p>\n","protected":false},"excerpt":{"rendered":"<p>Processo de cria\u00e7\u00e3o da Identidade Visual e Website. O nosso processo de cria\u00e7\u00e3o foi projetado para garantir um fluxo eficiente e atender as necessidades de nossos clientes da melhor forma poss\u00edvel: Painel de Cliente: Oferecemos a voc\u00ea acesso direto a um painel de cliente, por meio do qual voc\u00ea pode se comunicar diretamente com o [&hellip;]<\/p>\n","protected":false},"author":1,"featured_media":0,"parent":0,"menu_order":0,"comment_status":"closed","ping_status":"closed","template":"","meta":{"footnotes":""},"class_list":["post-4384","page","type-page","status-publish","hentry"],"_links":{"self":[{"href":"https:\/\/www.identidadevisualadvogados.com.br\/contrate\/wp-json\/wp\/v2\/pages\/4384","targetHints":{"allow":["GET"]}}],"collection":[{"href":"https:\/\/www.identidadevisualadvogados.com.br\/contrate\/wp-json\/wp\/v2\/pages"}],"about":[{"href":"https:\/\/www.identidadevisualadvogados.com.br\/contrate\/wp-json\/wp\/v2\/types\/page"}],"author":[{"embeddable":true,"href":"https:\/\/www.identidadevisualadvogados.com.br\/contrate\/wp-json\/wp\/v2\/users\/1"}],"replies":[{"embeddable":true,"href":"https:\/\/www.identidadevisualadvogados.com.br\/contrate\/wp-json\/wp\/v2\/comments?post=4384"}],"version-history":[{"count":20,"href":"https:\/\/www.identidadevisualadvogados.com.br\/contrate\/wp-json\/wp\/v2\/pages\/4384\/revisions"}],"predecessor-version":[{"id":5516,"href":"https:\/\/www.identidadevisualadvogados.com.br\/contrate\/wp-json\/wp\/v2\/pages\/4384\/revisions\/5516"}],"wp:attachment":[{"href":"https:\/\/www.identidadevisualadvogados.com.br\/contrate\/wp-json\/wp\/v2\/media?parent=4384"}],"curies":[{"name":"wp","href":"https:\/\/api.w.org\/{rel}","templated":true}]}}