{"id":4389,"date":"2021-01-30T10:07:47","date_gmt":"2021-01-30T13:07:47","guid":{"rendered":"https:\/\/www.identidadevisualadvogados.com.br\/contrate\/?page_id=4389"},"modified":"2026-02-03T21:22:05","modified_gmt":"2026-02-04T00:22:05","slug":"formas-de-pagamento","status":"publish","type":"page","link":"https:\/\/www.identidadevisualadvogados.com.br\/contrate\/formas-de-pagamento\/","title":{"rendered":"\u279c Formas de pagamentos"},"content":{"rendered":"<p>Aceitamos as seguintes formas de pagamentos:<\/p>\n<p>\u2014 At\u00e9 12x sem juros no seu cart\u00e3o de cr\u00e9dito pelo Link de Pagamento InfinitePay (somente para os pacotes montados por n\u00f3s).<\/p>\n<p>\u2014 At\u00e9 12x sem juros no seu cart\u00e3o de cr\u00e9dito pelo MercadoPago (para os pacotes personalizados e montados por n\u00f3s).<\/p>\n<p>\u2014 10% de desconto pelo PIX (para os pacotes personalizados e montados por n\u00f3s).<\/p>\n<p>Os processadores de pagamento (MercadoPago e InfinitePay) s\u00e3o integrados em nosso site utilizando conex\u00e3o encriptada e segura (https).<\/p>\n<p>Parcelas de at\u00e9 12x pelo Link do Pagamento s\u00e3o enviados manualmente. Esta op\u00e7\u00e3o de pagamento ser\u00e1 registrado no seu extrato como <strong>pg *LPA Identidade<\/strong><\/p>\n<p>E se voc\u00ea fizer o pedido em nosso site e escolher o pagamento pelo pix, o valor ser\u00e1 atualizado automaticamente com o desconto e tamb\u00e9m ir\u00e1 gerar um c\u00f3digo do pagamento\/QRcode pelo pix com identificador do pedido.<\/p>\n<p>Ap\u00f3s a confirma\u00e7\u00e3o do pagamento, ser\u00e1 liberado o acesso ao painel de projetos.<\/p>\n","protected":false},"excerpt":{"rendered":"<p>Aceitamos as seguintes formas de pagamentos: \u2014 At\u00e9 12x sem juros no seu cart\u00e3o de cr\u00e9dito pelo Link de Pagamento InfinitePay (somente para os pacotes montados por n\u00f3s). \u2014 At\u00e9 12x sem juros no seu cart\u00e3o de cr\u00e9dito pelo MercadoPago (para os pacotes personalizados e montados por n\u00f3s). \u2014 10% de desconto pelo PIX (para [&hellip;]<\/p>\n","protected":false},"author":1,"featured_media":0,"parent":0,"menu_order":0,"comment_status":"closed","ping_status":"closed","template":"","meta":{"footnotes":""},"class_list":["post-4389","page","type-page","status-publish","hentry"],"_links":{"self":[{"href":"https:\/\/www.identidadevisualadvogados.com.br\/contrate\/wp-json\/wp\/v2\/pages\/4389","targetHints":{"allow":["GET"]}}],"collection":[{"href":"https:\/\/www.identidadevisualadvogados.com.br\/contrate\/wp-json\/wp\/v2\/pages"}],"about":[{"href":"https:\/\/www.identidadevisualadvogados.com.br\/contrate\/wp-json\/wp\/v2\/types\/page"}],"author":[{"embeddable":true,"href":"https:\/\/www.identidadevisualadvogados.com.br\/contrate\/wp-json\/wp\/v2\/users\/1"}],"replies":[{"embeddable":true,"href":"https:\/\/www.identidadevisualadvogados.com.br\/contrate\/wp-json\/wp\/v2\/comments?post=4389"}],"version-history":[{"count":28,"href":"https:\/\/www.identidadevisualadvogados.com.br\/contrate\/wp-json\/wp\/v2\/pages\/4389\/revisions"}],"predecessor-version":[{"id":5949,"href":"https:\/\/www.identidadevisualadvogados.com.br\/contrate\/wp-json\/wp\/v2\/pages\/4389\/revisions\/5949"}],"wp:attachment":[{"href":"https:\/\/www.identidadevisualadvogados.com.br\/contrate\/wp-json\/wp\/v2\/media?parent=4389"}],"curies":[{"name":"wp","href":"https:\/\/api.w.org\/{rel}","templated":true}]}}